{"id":1666,"date":"2025-03-24T16:08:02","date_gmt":"2025-03-24T15:08:02","guid":{"rendered":"https:\/\/centerforthehumanpast.se\/?page_id=1666"},"modified":"2026-03-09T12:23:41","modified_gmt":"2026-03-09T11:23:41","slug":"human-past-fellowships","status":"publish","type":"page","link":"https:\/\/centerforthehumanpast.se\/index.php\/research\/human-past-fellowships\/","title":{"rendered":"Human Past Fellowships"},"content":{"rendered":"\n<h1 class=\"wp-block-heading\" id=\"fellowship-projects\">Human Past Fellowship projects<\/h1>\n\n\n\n<div class=\"wp-block-columns is-layout-flex wp-container-core-columns-is-layout-df572b98 wp-block-columns-is-layout-flex\" style=\"padding-top:var(--wp--preset--spacing--small);padding-bottom:var(--wp--preset--spacing--small)\">\n<div class=\"wp-block-column is-layout-flow wp-block-column-is-layout-flow\" style=\"flex-basis:67%\">\n<p>The Human Past SCAS Fellowship Program, an integral component of the Center for the Human Past, is designed to foster a collaborative environment where early-stage and established scholars can converge across a wide range of disciplines, such as archaeology, population genetics and historical linguistics.<\/p>\n\n\n\n<p>These fields collectively explore the shared history of the world\u2019s populations over the past 10,000 years, a period marked by the advent of agrarian food production, population growth and linguistic changes, as well as the emergence of early civilisations.<\/p>\n\n\n\n<p><a href=\"https:\/\/www.swedishcollegium.se\/fellowships\/human-past-fellowship-programme\" target=\"_blank\" rel=\"noreferrer noopener\">Human Past Fellowship SCAS webpage<\/a><\/p>\n<\/div>\n\n\n\n<div class=\"wp-block-column is-layout-flow wp-block-column-is-layout-flow\" style=\"flex-basis:33%\"><\/div>\n<\/div>\n\n\n\n<div style=\"height:var(--wp--preset--spacing--small)\" aria-hidden=\"true\" class=\"wp-block-spacer\"><\/div>\n\n\n\n<h2 class=\"wp-block-heading has-secondary-color has-text-color has-link-color wp-elements-3a45014af94992ff19c9eca51cd47a36\">Fellows 2025-26<\/h2>\n\n\n\n<div class=\"wp-block-group has-border-color is-layout-flow wp-block-group-is-layout-flow\" style=\"border-color:#7a6840;border-width:1px;border-radius:7px;padding-top:var(--wp--preset--spacing--small);padding-right:var(--wp--preset--spacing--small);padding-bottom:var(--wp--preset--spacing--small);padding-left:var(--wp--preset--spacing--small)\">\n<h3 class=\"wp-block-heading\">David Goldstein<\/h3>\n\n\n\n<p>Senior Fellow<\/p>\n\n\n\n<div class=\"wp-block-columns is-layout-flex wp-container-core-columns-is-layout-28f84493 wp-block-columns-is-layout-flex\">\n<div class=\"wp-block-column is-layout-flow wp-block-column-is-layout-flow\" style=\"flex-basis:33%\">\n<figure class=\"wp-block-image size-full has-custom-border\"><img loading=\"lazy\" decoding=\"async\" width=\"600\" height=\"900\" src=\"https:\/\/centerforthehumanpast.se\/wp-content\/uploads\/2026\/01\/David-Goldstein-SCAS_06A2581-2x3s.jpg\" alt=\"\" class=\"wp-image-2398\" style=\"border-radius:10px;aspect-ratio:9\/16;object-fit:cover\" srcset=\"https:\/\/centerforthehumanpast.se\/wp-content\/uploads\/2026\/01\/David-Goldstein-SCAS_06A2581-2x3s.jpg 600w, https:\/\/centerforthehumanpast.se\/wp-content\/uploads\/2026\/01\/David-Goldstein-SCAS_06A2581-2x3s-200x300.jpg 200w\" sizes=\"auto, (max-width: 600px) 100vw, 600px\" \/><\/figure>\n<\/div>\n\n\n\n<div class=\"wp-block-column is-layout-flow wp-block-column-is-layout-flow\" style=\"flex-basis:47%\">\n<h4 class=\"wp-block-heading has-primary-color has-text-color\" id=\"mehmet-somel\">The shape and fabric of linguistic diversification in ancient Greek<\/h4>\n<\/div>\n<\/div>\n\n\n\n<details class=\"wp-block-details is-layout-flow wp-block-details-is-layout-flow\"><summary>Project summary<\/summary>\n<p>One of the most striking features of Ancient Greek culture is its rich linguistic diversity. Unravelling the origins of this diversity is one of the central questions of both Hellenic and Indo-European studies, as our understanding of this phenomenon has crucial consequences for history, linguistics, and archaeology.<br>The central goal of David\u2019s project is to understand how, when, and why this dialect diversity emerged. In answering these questions, he will take advantage of a new dataset, novel quantitative methods, and an interdisciplinary perspective. The guiding idea of this study is that the diversification of ancient Greek can only be understood by taking both tree-like and non-tree-like evolution into account.<\/p>\n<\/details>\n\n\n\n<div class=\"wp-block-buttons is-layout-flex wp-block-buttons-is-layout-flex\">\n<div class=\"wp-block-button\"><a class=\"wp-block-button__link wp-element-button\" href=\"https:\/\/davidgoldstein.netlify.app\/\" target=\"_blank\" rel=\"noreferrer noopener\">Website<\/a><\/div>\n<\/div>\n<\/div>\n\n\n\n<div class=\"wp-block-group has-border-color is-layout-flow wp-block-group-is-layout-flow\" style=\"border-color:#7a6840;border-width:1px;border-radius:7px;padding-top:var(--wp--preset--spacing--small);padding-right:var(--wp--preset--spacing--small);padding-bottom:var(--wp--preset--spacing--small);padding-left:var(--wp--preset--spacing--small)\">\n<h3 class=\"wp-block-heading\">Hugo Reyes Centeno<\/h3>\n\n\n\n<p>Senior Fellow<\/p>\n\n\n\n<div class=\"wp-block-columns is-layout-flex wp-container-core-columns-is-layout-28f84493 wp-block-columns-is-layout-flex\">\n<div class=\"wp-block-column is-layout-flow wp-block-column-is-layout-flow\" style=\"flex-basis:33%\">\n<figure class=\"wp-block-image size-full has-custom-border\"><img loading=\"lazy\" decoding=\"async\" width=\"450\" height=\"550\" src=\"https:\/\/centerforthehumanpast.se\/wp-content\/uploads\/2025\/03\/Reyes-Centeno_Hugo.jpg\" alt=\"Hugo Reyes Centeno\" class=\"wp-image-1705\" style=\"border-radius:10px;aspect-ratio:9\/16;object-fit:cover\" srcset=\"https:\/\/centerforthehumanpast.se\/wp-content\/uploads\/2025\/03\/Reyes-Centeno_Hugo.jpg 450w, https:\/\/centerforthehumanpast.se\/wp-content\/uploads\/2025\/03\/Reyes-Centeno_Hugo-245x300.jpg 245w\" sizes=\"auto, (max-width: 450px) 100vw, 450px\" \/><\/figure>\n<\/div>\n\n\n\n<div class=\"wp-block-column is-layout-flow wp-block-column-is-layout-flow\" style=\"flex-basis:47%\">\n<h4 class=\"wp-block-heading has-primary-color has-text-color\" id=\"yoko-yamazaki\">Genomic and archaeological approaches toward resolving the Austronesian problem<\/h4>\n<\/div>\n<\/div>\n\n\n\n<details class=\"wp-block-details is-layout-flow wp-block-details-is-layout-flow\"><summary>Project summary<\/summary>\n<p>Despite consensus on the movement of peoples from mainland Asia to Island Southeast Asia and the Pacific over the past five thousand years, the mode of dispersal and biocultural change remains highly contested. While some hypotheses posit agriculturalists and Austronesian language speakers rapidly dispersing via Taiwan, other scenarios postulate, for example, additional dispersal routes, the gradual adoption of agricultural practice, and dynamic language borrowing.<br>During the fellowship, Reyes Centeno will assess current debates by critically synthesizing models developed from linguistic, archaeological, and genetic lines of evidence and by harnessing original archaeological data collected from the Philippine archipelago.<\/p>\n<\/details>\n\n\n\n<div class=\"wp-block-buttons is-layout-flex wp-block-buttons-is-layout-flex\">\n<div class=\"wp-block-button\"><a class=\"wp-block-button__link wp-element-button\" href=\"https:\/\/www.researchgate.net\/profile\/Hugo-Reyes-Centeno\" target=\"_blank\" rel=\"noreferrer noopener\">Research Gate<\/a><\/div>\n<\/div>\n<\/div>\n\n\n\n<div class=\"wp-block-group has-border-color is-layout-flow wp-block-group-is-layout-flow\" style=\"border-color:#7a6840;border-width:1px;border-radius:7px;padding-top:var(--wp--preset--spacing--small);padding-right:var(--wp--preset--spacing--small);padding-bottom:var(--wp--preset--spacing--small);padding-left:var(--wp--preset--spacing--small)\">\n<h3 class=\"wp-block-heading\">Anthony Jakob<\/h3>\n\n\n\n<p>Junior Fellow<\/p>\n\n\n\n<div class=\"wp-block-columns is-layout-flex wp-container-core-columns-is-layout-28f84493 wp-block-columns-is-layout-flex\">\n<div class=\"wp-block-column is-layout-flow wp-block-column-is-layout-flow\" style=\"flex-basis:33%\">\n<figure class=\"wp-block-image size-full has-custom-border\"><img loading=\"lazy\" decoding=\"async\" width=\"600\" height=\"900\" src=\"https:\/\/centerforthehumanpast.se\/wp-content\/uploads\/2026\/01\/Anthony-Jakob-SCAS_06A5576-2x3s.jpg\" alt=\"\" class=\"wp-image-2399\" style=\"border-radius:10px;aspect-ratio:9\/16;object-fit:cover\" srcset=\"https:\/\/centerforthehumanpast.se\/wp-content\/uploads\/2026\/01\/Anthony-Jakob-SCAS_06A5576-2x3s.jpg 600w, https:\/\/centerforthehumanpast.se\/wp-content\/uploads\/2026\/01\/Anthony-Jakob-SCAS_06A5576-2x3s-200x300.jpg 200w\" sizes=\"auto, (max-width: 600px) 100vw, 600px\" \/><\/figure>\n<\/div>\n\n\n\n<div class=\"wp-block-column is-layout-flow wp-block-column-is-layout-flow\" style=\"flex-basis:47%\">\n<h4 class=\"wp-block-heading has-primary-color has-text-color\" id=\"axel-palmer\">Tracing Prehistoric Language Shift in the West Uralic Languages<\/h4>\n<\/div>\n<\/div>\n\n\n\n<details class=\"wp-block-details is-layout-flow wp-block-details-is-layout-flow\"><summary>Project summary<\/summary>\n<p>North-eastern Europe is currently home to two genetically unrelated language families \u2014 Indo-European and Uralic. It is universally agreed that the current linguistic landscape is the result of prehistoric migrations; however, narratives among linguistics, archaeologists and geneticists have not always agreed, with archaeologists generally favouring longer-term continuity. Recent aDNA evidence, however, seems to suggest the spread of Uralic languages into Western Europe was comparatively recent. If this is so, the question arises as to what language was spoken in north-eastern Europe prior to the Uralic expansion.<br>Building on previous proposals of unidentified linguistic substrates in the westernmost Uralic languages, Anthony intends to investigate such prehistoric interactions through a detailed study of the West Uralic lexicon. Through gathering evidence of this kind, and subjecting it to the methods of linguistic palaeontology, he wants to test the viability of the scenarios for the westward spread of the Uralic languages proposed by archaeologists and geneticists, while also shedding light on extinct languages once spoken in the region.<\/p>\n<\/details>\n\n\n\n<div class=\"wp-block-buttons is-layout-flex wp-block-buttons-is-layout-flex\">\n<div class=\"wp-block-button\"><a class=\"wp-block-button__link wp-element-button\" href=\"https:\/\/orcid.org\/0000-0002-2603-3201\">ORCID<\/a><\/div>\n<\/div>\n<\/div>\n\n\n\n<div style=\"height:var(--wp--preset--spacing--small)\" aria-hidden=\"true\" class=\"wp-block-spacer\"><\/div>\n\n\n\n<h2 class=\"wp-block-heading has-secondary-color has-text-color has-link-color wp-elements-9ab101c7106923d97028f5fb7303c7a0\">Fellows 2024-25<\/h2>\n\n\n\n<div class=\"wp-block-group has-border-color has-custom-link-dark-border-color is-layout-flow wp-block-group-is-layout-flow\" style=\"border-width:1px;border-radius:7px;padding-top:var(--wp--preset--spacing--small);padding-right:var(--wp--preset--spacing--small);padding-bottom:var(--wp--preset--spacing--small);padding-left:var(--wp--preset--spacing--small)\">\n<h3 class=\"wp-block-heading\">Mehmet Somel<\/h3>\n\n\n\n<p>Senior Fellow<\/p>\n\n\n\n<div class=\"wp-block-columns is-layout-flex wp-container-core-columns-is-layout-28f84493 wp-block-columns-is-layout-flex\">\n<div class=\"wp-block-column is-layout-flow wp-block-column-is-layout-flow\" style=\"flex-basis:33%\">\n<figure class=\"wp-block-image size-full has-custom-border\"><img decoding=\"async\" src=\"https:\/\/centerforthehumanpast.se\/wp-content\/uploads\/2024\/12\/202412-Mehmet-Somel-web-1.jpg\" alt=\"\" class=\"wp-image-1375\" style=\"border-radius:10px;aspect-ratio:9\/16;object-fit:cover\"\/><\/figure>\n<\/div>\n\n\n\n<div class=\"wp-block-column is-layout-flow wp-block-column-is-layout-flow\" style=\"flex-basis:47%\">\n<h4 class=\"wp-block-heading has-primary-color has-text-color\" id=\"mehmet-somel\">Using paleogenomes to study the cultural and demographic transformation of Anatolia in the second millennium CE<\/h4>\n<\/div>\n<\/div>\n\n\n\n<details class=\"wp-block-details is-layout-flow wp-block-details-is-layout-flow\"><summary>Project summary<\/summary>\n<p>One of the most dramatic cultural transformations &#8211; involving major linguistic, religious and demographic shifts &#8211; occurred in Anatolia in the 2nd millennium, and yet, compared to other mass migration and cultural transformation events in West Eurasia, from the Yamnaya expansion or the Fall of Rome to the Crusades, it has received much less historical attention, arguably due to cultural biases.<\/p>\n\n\n\n<p>The mixing of incoming Turkic tribes with local Greek- and Armenian-speaking populations and the pull and push factors behind the religious and linguistic conversion of the latter are still little understood. I argue that a well-thought-out research programme involving ancient genomes, burial context and historical text will provide a breakthrough in our understanding of the process.<\/p>\n\n\n\n<p>My proposed work involves data analysis of published and unpublished modern-day and ancient genomes from Anatolia, an extensive survey of the historical<br>literature and its synthesis with genomic data, and the design of a long-term research programme to help resolve the most central and still open questions about the 2nd-millennium transformation of Anatolia.<\/p>\n<\/details>\n\n\n\n<div class=\"wp-block-buttons is-layout-flex wp-block-buttons-is-layout-flex\">\n<div class=\"wp-block-button\"><a class=\"wp-block-button__link wp-element-button\" href=\"https:\/\/scholar.google.se\/citations?hl=en&amp;user=MaBeF6YAAAAJ&amp;view_op=list_works&amp;sortby=pubdate\">Google Scholar<\/a><\/div>\n<\/div>\n<\/div>\n\n\n\n<div class=\"wp-block-group has-border-color has-custom-link-dark-border-color is-layout-flow wp-block-group-is-layout-flow\" style=\"border-width:1px;border-radius:7px;padding-top:var(--wp--preset--spacing--small);padding-right:var(--wp--preset--spacing--small);padding-bottom:var(--wp--preset--spacing--small);padding-left:var(--wp--preset--spacing--small)\">\n<h3 class=\"wp-block-heading\">Yoko Yamazaki<\/h3>\n\n\n\n<p>Senior Fellow<\/p>\n\n\n\n<div class=\"wp-block-columns is-layout-flex wp-container-core-columns-is-layout-28f84493 wp-block-columns-is-layout-flex\">\n<div class=\"wp-block-column is-layout-flow wp-block-column-is-layout-flow\" style=\"flex-basis:33%\">\n<figure class=\"wp-block-image size-full has-custom-border\"><img loading=\"lazy\" decoding=\"async\" width=\"990\" height=\"1320\" src=\"https:\/\/centerforthehumanpast.se\/wp-content\/uploads\/2024\/12\/YokoYamazaki20241016-MN1s.jpg\" alt=\"\" class=\"wp-image-1389\" style=\"border-radius:10px;aspect-ratio:9\/16;object-fit:cover\" srcset=\"https:\/\/centerforthehumanpast.se\/wp-content\/uploads\/2024\/12\/YokoYamazaki20241016-MN1s.jpg 990w, https:\/\/centerforthehumanpast.se\/wp-content\/uploads\/2024\/12\/YokoYamazaki20241016-MN1s-225x300.jpg 225w, https:\/\/centerforthehumanpast.se\/wp-content\/uploads\/2024\/12\/YokoYamazaki20241016-MN1s-768x1024.jpg 768w\" sizes=\"auto, (max-width: 990px) 100vw, 990px\" \/><\/figure>\n<\/div>\n\n\n\n<div class=\"wp-block-column is-layout-flow wp-block-column-is-layout-flow\" style=\"flex-basis:47%\">\n<h4 class=\"wp-block-heading has-primary-color has-text-color\" id=\"yoko-yamazaki\">Working and Eating Together \u2013 Uralic=Indo-European contacts in the Bronze Age working communities<\/h4>\n<\/div>\n<\/div>\n\n\n\n<details class=\"wp-block-details is-layout-flow wp-block-details-is-layout-flow\"><summary>Project summary<\/summary>\n<p>The Proto-Balto-Slavic word *talk? \u2018a community of workers that was treated with a feast after work\u2019 (cf. Lithuanian talk\u00e0, Russian<br>tol\u00f3ka, Ukr. tolok\u00e1 \u2018construction work\u2019) is known to have been loaned in the Uralic languages as Finnish talkoo \u2018id.\u2019, Tver Karelian talkohu\u0161 \u2018holding a feast for workers\u2019, Votic talko \u2018id.\u2019, Livonian talk \u2018id.\u2019, etc. (Thomsen 1890: 226). When this loanword item is contextualized in the Uralic=Indo-European language and cultural contacts, the word may start to tell us much information about their<br>contacts. First, there are some other loanwords between the two language families in the relevant semantic fields, such as Lithuanian v\u00e3\u0161kas and OCS vosk? \u2018wax\u2019 loaned from Uralic *wa\u0161k? \u2018casting metal\u2019. Also, there are both archaeological and archaeogenetic findings that point to their contacts through metallurgy work in the archaeological remains known as Seima-Turbino transcultural complex. They are trans-cultural archaeological sites dated from ca. 1900 BC. Stretching out in a wide area from the Altai to present-day Finland, they are<br>characterized with similar metallurgy artifacts and similar metallurgical techniques, e.g., lost-wax casting and hollow-mold casting.<\/p>\n\n\n\n<p>In this project, I will look into the loanwords between the Indo-European and Uralic families in the (metallurgical) labor-related semantic fields from the migrational and contact viewpoints, and aim at the reconstruction of their working life.<\/p>\n<\/details>\n\n\n\n<div class=\"wp-block-group has-global-padding is-layout-constrained wp-block-group-is-layout-constrained\">\n<div class=\"wp-block-buttons is-layout-flex wp-block-buttons-is-layout-flex\">\n<div class=\"wp-block-button\"><a class=\"wp-block-button__link wp-element-button\" href=\"https:\/\/swanrad.ch\/yy\/index.html#publ\">Website<\/a><\/div>\n<\/div>\n<\/div>\n<\/div>\n\n\n\n<div class=\"wp-block-group has-border-color has-custom-link-dark-border-color is-layout-flow wp-block-group-is-layout-flow\" style=\"border-width:1px;border-radius:7px;padding-top:var(--wp--preset--spacing--small);padding-right:var(--wp--preset--spacing--small);padding-bottom:var(--wp--preset--spacing--small);padding-left:var(--wp--preset--spacing--small)\">\n<h3 class=\"wp-block-heading\">Axel Palm\u00e9r<\/h3>\n\n\n\n<p>Junior Fellow<\/p>\n\n\n\n<div class=\"wp-block-columns is-layout-flex wp-container-core-columns-is-layout-28f84493 wp-block-columns-is-layout-flex\">\n<div class=\"wp-block-column is-layout-flow wp-block-column-is-layout-flow\" style=\"flex-basis:33%\">\n<figure class=\"wp-block-image size-full has-custom-border\"><img decoding=\"async\" src=\"https:\/\/centerforthehumanpast.se\/wp-content\/uploads\/2024\/12\/20241016_144425-mirror.jpg\" alt=\"\" class=\"wp-image-1393\" style=\"border-radius:10px;aspect-ratio:9\/16;object-fit:cover\"\/><\/figure>\n<\/div>\n\n\n\n<div class=\"wp-block-column is-layout-flow wp-block-column-is-layout-flow\" style=\"flex-basis:47%\">\n<h4 class=\"wp-block-heading has-primary-color has-text-color\" id=\"axel-palmer\">Pastoralists and agriculturalists in the Rigveda and beyond<\/h4>\n<\/div>\n<\/div>\n\n\n\n<details class=\"wp-block-details is-layout-flow wp-block-details-is-layout-flow\"><summary>Project summary<\/summary>\n<p>In the project, I intend to conduct a philological investigation into the early Indo-Iranian vocabulary used to describe the various stages of agricultural production: 1) tillage, 2) fertilization, 3) sowing, 4) reaping, 5) threshing, 6) winnowing, 7) sieving, 8) storage, as well as agricultural products such as various types of cereals. The first aim is to establish which cereals and agricultural processes are actually known in the earliest Indo-Iranian texts, primarily the Rigveda, by filtering out those words for which agricultural semantics cannot be established.<\/p>\n\n\n\n<p>The second aim is to compare the Vedic agricultural vocabulary to that of Iranian. Whenever Vedic and Iranian share a cognate word for an agricultural process or product, it can be reconstructed to Proto-Indo-Iranian. If the word has cognates in other Indo-European branches, it can be projected even further back, whereas an isolated formation points to a unique Indo-Iranian innovation. When a cognate word has agricultural semantics only in one branch of Indo-Iranian, it may point to a post-Proto-Indo-Iranian innovation. In this way, the philological investigation of the Rigveda will feed into a comparative Indo-Iranian study of the agricultural terminology, which in turn will be integrated into an interdisciplinary model of the Indo-Iranian agricultural transition.<\/p>\n\n\n\n<p>The philological investigation and subsequent reconstruction of Indo-Iranian agricultural terminology will result in a paper on the agricultural transition of Indo-Iranian speakers. This will inform not only on the prehistoric dispersal of the Indo-Iranian branch, but on the dispersal of the Indo-European family as a whole, since the dynamics between pastoralism and agriculture is fundamental to the Indo-European homeland question.<\/p>\n<\/details>\n\n\n\n<div class=\"wp-block-buttons is-layout-flex wp-block-buttons-is-layout-flex\">\n<div class=\"wp-block-button\"><a class=\"wp-block-button__link wp-element-button\" href=\"https:\/\/www.axelpalmer.com\/index.php\/publications\">Website<\/a><\/div>\n<\/div>\n<\/div>\n","protected":false},"excerpt":{"rendered":"<p>Human Past Fellowship projects The Human Past SCAS Fellowship Program, an integral component of the Center for the Human Past, is designed to foster a collaborative environment where early-stage and [&hellip;]<\/p>\n","protected":false},"author":1,"featured_media":574,"parent":921,"menu_order":0,"comment_status":"closed","ping_status":"closed","template":"","meta":{"_EventAllDay":false,"_EventTimezone":"","_EventStartDate":"","_EventEndDate":"","_EventStartDateUTC":"","_EventEndDateUTC":"","_EventShowMap":false,"_EventShowMapLink":false,"_EventURL":"","_EventCost":"","_EventCostDescription":"","_EventCurrencySymbol":"","_EventCurrencyCode":"","_EventCurrencyPosition":"","_EventDateTimeSeparator":"","_EventTimeRangeSeparator":"","_EventOrganizerID":[],"_EventVenueID":[],"_OrganizerEmail":"","_OrganizerPhone":"","_OrganizerWebsite":"","_VenueAddress":"","_VenueCity":"","_VenueCountry":"","_VenueProvince":"","_VenueState":"","_VenueZip":"","_VenuePhone":"","_VenueURL":"","_VenueStateProvince":"","_VenueLat":"","_VenueLng":"","_VenueShowMap":false,"_VenueShowMapLink":false,"footnotes":""},"class_list":["post-1666","page","type-page","status-publish","has-post-thumbnail","hentry"],"_links":{"self":[{"href":"https:\/\/centerforthehumanpast.se\/index.php\/wp-json\/wp\/v2\/pages\/1666","targetHints":{"allow":["GET"]}}],"collection":[{"href":"https:\/\/centerforthehumanpast.se\/index.php\/wp-json\/wp\/v2\/pages"}],"about":[{"href":"https:\/\/centerforthehumanpast.se\/index.php\/wp-json\/wp\/v2\/types\/page"}],"author":[{"embeddable":true,"href":"https:\/\/centerforthehumanpast.se\/index.php\/wp-json\/wp\/v2\/users\/1"}],"replies":[{"embeddable":true,"href":"https:\/\/centerforthehumanpast.se\/index.php\/wp-json\/wp\/v2\/comments?post=1666"}],"version-history":[{"count":17,"href":"https:\/\/centerforthehumanpast.se\/index.php\/wp-json\/wp\/v2\/pages\/1666\/revisions"}],"predecessor-version":[{"id":2633,"href":"https:\/\/centerforthehumanpast.se\/index.php\/wp-json\/wp\/v2\/pages\/1666\/revisions\/2633"}],"up":[{"embeddable":true,"href":"https:\/\/centerforthehumanpast.se\/index.php\/wp-json\/wp\/v2\/pages\/921"}],"wp:featuredmedia":[{"embeddable":true,"href":"https:\/\/centerforthehumanpast.se\/index.php\/wp-json\/wp\/v2\/media\/574"}],"wp:attachment":[{"href":"https:\/\/centerforthehumanpast.se\/index.php\/wp-json\/wp\/v2\/media?parent=1666"}],"curies":[{"name":"wp","href":"https:\/\/api.w.org\/{rel}","templated":true}]}}